{"id":227586,"date":"2025-06-30T10:02:53","date_gmt":"2025-06-30T08:02:53","guid":{"rendered":"https:\/\/www.provalo.eu\/?page_id=227586"},"modified":"2025-07-30T12:15:44","modified_gmt":"2025-07-30T10:15:44","slug":"restaurant","status":"publish","type":"page","link":"https:\/\/www.provalo.eu\/fr\/restaurant","title":{"rendered":"Restaurant"},"content":{"rendered":"<p>[et_pb_section fb_built=\u00a0\u00bb1&Prime; _builder_version=\u00a0\u00bb4.27.4&Prime; _module_preset=\u00a0\u00bbdefault\u00a0\u00bb global_colors_info=\u00a0\u00bb{}\u00a0\u00bb theme_builder_area=\u00a0\u00bbpost_content\u00a0\u00bb][et_pb_row column_structure=\u00a0\u00bb3_5,2_5&Prime; _builder_version=\u00a0\u00bb4.27.4&Prime; _module_preset=\u00a0\u00bbdefault\u00a0\u00bb locked=\u00a0\u00bboff\u00a0\u00bb global_colors_info=\u00a0\u00bb{}\u00a0\u00bb theme_builder_area=\u00a0\u00bbpost_content\u00a0\u00bb][et_pb_column type=\u00a0\u00bb3_5&Prime; _builder_version=\u00a0\u00bb4.27.4&Prime; _module_preset=\u00a0\u00bbdefault\u00a0\u00bb global_colors_info=\u00a0\u00bb{}\u00a0\u00bb theme_builder_area=\u00a0\u00bbpost_content\u00a0\u00bb][ba_animated_text prefix=\u00a0\u00bbProvalo C\u2019EST\u00a0\u00bb animated_text=\u00a0\u00bb%91{%22value%22:%22CONVIVIALIT\u00c9%22,%22checked%22:0,%22dragID%22:-1},{%22value%22:%22QUALIT\u00c9%22,%22checked%22:0,%22dragID%22:0},{%22value%22:%22ORIGINALIT\u00c9%22,%22checked%22:0,%22dragID%22:1}%93&Prime; suffix=\u00a0\u00bbVOUS ALLEZ ADORER\u00a0\u00bb text_alignment_tablet=\u00a0\u00bb\u00a0\u00bb text_alignment_phone=\u00a0\u00bbcenter\u00a0\u00bb text_alignment_last_edited=\u00a0\u00bbon|phone\u00a0\u00bb _builder_version=\u00a0\u00bb4.27.4&Prime; _module_preset=\u00a0\u00bbdefault\u00a0\u00bb animated_level=\u00a0\u00bbh2&Prime; animated_font=\u00a0\u00bb|600||on|||||\u00a0\u00bb animated_font_size=\u00a0\u00bb28px\u00a0\u00bb hover_enabled=\u00a0\u00bb0&Prime; animated_font_size_tablet=\u00a0\u00bb30px\u00a0\u00bb animated_font_size_phone=\u00a0\u00bb18px\u00a0\u00bb animated_font_size_last_edited=\u00a0\u00bbon|desktop\u00a0\u00bb global_colors_info=\u00a0\u00bb{}\u00a0\u00bb custom_css_animated_text_last_edited=\u00a0\u00bbon|phone\u00a0\u00bb custom_css_prefix_last_edited=\u00a0\u00bbon|phone\u00a0\u00bb custom_css_suffix_last_edited=\u00a0\u00bbon|phone\u00a0\u00bb theme_builder_area=\u00a0\u00bbpost_content\u00a0\u00bb sticky_enabled=\u00a0\u00bb0&Prime;][\/ba_animated_text][et_pb_text _builder_version=\u00a0\u00bb4.27.4&Prime; _module_preset=\u00a0\u00bbdefault\u00a0\u00bb header_font=\u00a0\u00bb|800||on|||||\u00a0\u00bb header_font_size=\u00a0\u00bb35px\u00a0\u00bb header_2_font=\u00a0\u00bb|700||on|||||\u00a0\u00bb header_2_font_size=\u00a0\u00bb35px\u00a0\u00bb custom_margin=\u00a0\u00bb||5px||false|false\u00a0\u00bb custom_margin_tablet=\u00a0\u00bb||5px||false|false\u00a0\u00bb custom_margin_phone=\u00a0\u00bb||5px||false|false\u00a0\u00bb custom_margin_last_edited=\u00a0\u00bbon|desktop\u00a0\u00bb custom_padding=\u00a0\u00bb||||true\u00a0\u00bb custom_padding_tablet=\u00a0\u00bb||||true\u00a0\u00bb custom_padding_phone=\u00a0\u00bb|10px||10px|true|true\u00a0\u00bb custom_padding_last_edited=\u00a0\u00bbon|phone\u00a0\u00bb text_font_size_tablet=\u00a0\u00bb17px\u00a0\u00bb text_font_size_phone=\u00a0\u00bb17px\u00a0\u00bb text_font_size_last_edited=\u00a0\u00bbon|desktop\u00a0\u00bb header_font_size_tablet=\u00a0\u00bb41px\u00a0\u00bb header_font_size_phone=\u00a0\u00bb41px\u00a0\u00bb header_font_size_last_edited=\u00a0\u00bbon|desktop\u00a0\u00bb header_2_font_size_tablet=\u00a0\u00bb35px\u00a0\u00bb header_2_font_size_phone=\u00a0\u00bb30px\u00a0\u00bb header_2_font_size_last_edited=\u00a0\u00bbon|desktop\u00a0\u00bb text_orientation_tablet=\u00a0\u00bb\u00a0\u00bb text_orientation_phone=\u00a0\u00bbcenter\u00a0\u00bb text_orientation_last_edited=\u00a0\u00bbon|phone\u00a0\u00bb locked=\u00a0\u00bboff\u00a0\u00bb global_colors_info=\u00a0\u00bb{}\u00a0\u00bb theme_builder_area=\u00a0\u00bbpost_content\u00a0\u00bb]<\/p>\n<p><strong>C\u2019est aussi \u00e9quilibre et choix. La pens\u00e9e qui devient go\u00fbt<\/strong><\/p>\n<p><span style=\"font-weight: 400;\">D\u00e9guster de la viande en format arrosticino n\u2019est pas qu\u2019une question de saveur. C\u2019est un choix intelligent, moderne et \u00e9tonnamment \u00e9quilibr\u00e9. \u00c0 la diff\u00e9rence d\u2019un morceau classique, o\u00f9 maigre et gras d\u00e9pendent de l\u2019anatomie de l\u2019animal, l\u2019arrosticino est le fruit de la pr\u00e9cision : des d\u00e9s minutieusement s\u00e9lectionn\u00e9s, altern\u00e9s pour une harmonie parfaite entre jutosit\u00e9 et go\u00fbt.<\/span><\/p>\n<p><span style=\"font-weight: 400;\">Ce n\u2019est pas de la viande laiss\u00e9e au hasard. C\u2019est de l\u2019artisanat gastronomique : chaque brochette est pens\u00e9e, con\u00e7ue et r\u00e9alis\u00e9e avec soin. Sa forme r\u00e9guli\u00e8re garantit une cuisson rapide et uniforme sur les braises. Chaque ar\u00f4me se lib\u00e8re, chaque bouch\u00e9e est g\u00e9n\u00e9reuse \u2014 en deux, vous go\u00fbtez un \u00e9quilibre rarement offert par les d\u00e9coupes traditionnelles.<\/span><\/p>\n<p><span style=\"font-weight: 400;\">La cuisson est le c\u0153ur du rituel ; pas une \u00e9tape, mais le moment fondateur de l\u2019exp\u00e9rience. Nous utilisons le gril traditionnel des Abruzzes, o\u00f9 la viande ne touche jamais le m\u00e9tal. Cela \u00e9vite toute contamination, pr\u00e9serve la puret\u00e9 de la mati\u00e8re premi\u00e8re et honore la tradition.<\/span><\/p>\n<p><span style=\"font-weight: 400;\">Mais nous ne nous arr\u00eatons pas l\u00e0 : la technologie intervient. Notre syst\u00e8me aspire la fum\u00e9e par le bas et par le haut, isolant la viande des particules qui l\u2019alourdissent. Le go\u00fbt reste vrai, limpide et facile \u00e0 dig\u00e9rer. Nous savons que la fum\u00e9e, lorsqu\u2019elle p\u00e9n\u00e8tre la viande, ne se voit pas\u2026 mais se ressent, laissant souvent une lourdeur subtile qui g\u00e2che un grand repas.<\/span><\/p>\n<p><span style=\"font-weight: 400;\">Nous offrons un plaisir conscient : ici, la viande reste pure, l\u00e9g\u00e8re et sinc\u00e8re. Un go\u00fbt intense, jamais envahissant. Essayez\u2026 vous allez adorer !<\/span><\/p>\n<p>[\/et_pb_text][ba_dual_button btn_a_text=\u00a0\u00bbD\u00e9couvrez notre menu\u00a0\u00bb btn_a_link=\u00a0\u00bbhttps:\/\/menu.pienissimo.com\/menu\u00a0\u00bb btn_a_link_target=\u00a0\u00bb_blank\u00a0\u00bb btn_b_text=\u00a0\u00bbR\u00e9servez une table\u00a0\u00bb btn_b_link=\u00a0\u00bbhttps:\/\/jpvshfk0jmnqztdhvdaer97mi0zo0jkg.forms.pienissimo.pro\/info-client\u00a0\u00bb button_gap=\u00a0\u00bb10px\u00a0\u00bb disabled_on=\u00a0\u00bbon|off|off\u00a0\u00bb _builder_version=\u00a0\u00bb4.27.4&Prime; _module_preset=\u00a0\u00bbdefault\u00a0\u00bb custom_btn_a=\u00a0\u00bbon\u00a0\u00bb btn_a_text_size=\u00a0\u00bb1rem\u00a0\u00bb btn_a_bg_color=\u00a0\u00bb#390101&Prime; btn_a_border_width=\u00a0\u00bb0px\u00a0\u00bb btn_a_border_radius=\u00a0\u00bb100px\u00a0\u00bb btn_a_use_icon=\u00a0\u00bboff\u00a0\u00bb custom_btn_b=\u00a0\u00bbon\u00a0\u00bb btn_b_text_size=\u00a0\u00bb1rem\u00a0\u00bb btn_b_text_color=\u00a0\u00bb#FFFFFF\u00a0\u00bb btn_b_bg_color=\u00a0\u00bb#390101&Prime; btn_b_border_width=\u00a0\u00bb0px\u00a0\u00bb btn_b_border_radius=\u00a0\u00bb100px\u00a0\u00bb btn_b_use_icon=\u00a0\u00bboff\u00a0\u00bb custom_margin=\u00a0\u00bb15px||||false|false\u00a0\u00bb global_colors_info=\u00a0\u00bb{}\u00a0\u00bb theme_builder_area=\u00a0\u00bbpost_content\u00a0\u00bb][\/ba_dual_button][\/et_pb_column][et_pb_column type=\u00a0\u00bb2_5&Prime; _builder_version=\u00a0\u00bb4.27.4&Prime; _module_preset=\u00a0\u00bbdefault\u00a0\u00bb global_colors_info=\u00a0\u00bb{}\u00a0\u00bb theme_builder_area=\u00a0\u00bbpost_content\u00a0\u00bb][et_pb_video src=\u00a0\u00bbhttps:\/\/www.provalo.eu\/wp-content\/uploads\/2025\/06\/video_provalo_chi_siamo.mp4&Prime; _builder_version=\u00a0\u00bb4.27.4&Prime; _module_preset=\u00a0\u00bbdefault\u00a0\u00bb global_colors_info=\u00a0\u00bb{}\u00a0\u00bb theme_builder_area=\u00a0\u00bbpost_content\u00a0\u00bb][\/et_pb_video][\/et_pb_column][\/et_pb_row][\/et_pb_section]<\/p>\n","protected":false},"excerpt":{"rendered":"<p><div class=\"et_pb_module ba_animated_text ba_animated_text_0\">\n\t\t\t\t\n\t\t\t\t\n\t\t\t\t\n\t\t\t\t\n\t\t\t\t\n\t\t\t\t\n\t\t\t\t<div class=\"et_pb_module_inner\">\n\t\t\t\t\t<div id=\"dtq-animated-text-0\" class=\"dtq-module dtq-animated-text dtq-front\" data-settings=\"{&quot;strings&quot;:[&quot;CONVIVIALIT\\u00c9&quot;,&quot;QUALIT\\u00c9&quot;,&quot;ORIGINALIT\\u00c9&quot;],&quot;showCursor&quot;:true,&quot;loop&quot;:true,&quot;typeSpeed&quot;:100,&quot;startDelay&quot;:300,&quot;backSpeed&quot;:50,&quot;backDelay&quot;:500}\" data-type=\"typed\">\n\t\t\t\t<h2 class=\"dtq-animated-text-head\">\n\t\t\t\t\t<div class=\"dtq-animated-text-prefix\"><span>Provalo C\u2019EST<\/span>&nbsp;<\/div> <div class=\"dtq-text-animation dtq-animated-text-main dtq-typed-text\"><\/div> <div class=\"dtq-animated-text-suffix\">&nbsp;<span>VOUS ALLEZ ADORER<\/span><\/div>\n\t\t\t\t<\/h2>\n\t\t\t<\/div>\n\t\t\t\t<\/div>\n\t\t\t<\/div>C\u2019est aussi \u00e9quilibre et choix. La pens\u00e9e qui devient go\u00fbt D\u00e9guster de la viande en format arrosticino n\u2019est pas qu\u2019une question de saveur. C\u2019est un choix intelligent, moderne et \u00e9tonnamment \u00e9quilibr\u00e9. [&hellip;]<\/p>\n","protected":false},"author":53,"featured_media":0,"parent":0,"menu_order":0,"comment_status":"closed","ping_status":"closed","template":"","meta":{"_et_pb_use_builder":"on","_et_pb_old_content":"","_et_gb_content_width":"","footnotes":""},"class_list":["post-227586","page","type-page","status-publish","hentry"],"_links":{"self":[{"href":"https:\/\/www.provalo.eu\/fr\/wp-json\/wp\/v2\/pages\/227586","targetHints":{"allow":["GET"]}}],"collection":[{"href":"https:\/\/www.provalo.eu\/fr\/wp-json\/wp\/v2\/pages"}],"about":[{"href":"https:\/\/www.provalo.eu\/fr\/wp-json\/wp\/v2\/types\/page"}],"author":[{"embeddable":true,"href":"https:\/\/www.provalo.eu\/fr\/wp-json\/wp\/v2\/users\/53"}],"replies":[{"embeddable":true,"href":"https:\/\/www.provalo.eu\/fr\/wp-json\/wp\/v2\/comments?post=227586"}],"version-history":[{"count":7,"href":"https:\/\/www.provalo.eu\/fr\/wp-json\/wp\/v2\/pages\/227586\/revisions"}],"predecessor-version":[{"id":227710,"href":"https:\/\/www.provalo.eu\/fr\/wp-json\/wp\/v2\/pages\/227586\/revisions\/227710"}],"wp:attachment":[{"href":"https:\/\/www.provalo.eu\/fr\/wp-json\/wp\/v2\/media?parent=227586"}],"curies":[{"name":"wp","href":"https:\/\/api.w.org\/{rel}","templated":true}]}}